{"id":513,"date":"2017-07-13T10:13:28","date_gmt":"2017-07-13T10:13:28","guid":{"rendered":"http:\/\/www.edainver.com\/?page_id=513"},"modified":"2017-07-26T09:40:19","modified_gmt":"2017-07-26T09:40:19","slug":"poligono-plaza","status":"publish","type":"page","link":"http:\/\/www.edainver.com\/index.php\/alquilar\/zaragoza\/poligono-plaza\/","title":{"rendered":"Pol\u00edgono Plaza"},"content":{"rendered":"<p>[vc_row full_width=\u00bbstretch_row_content_no_spaces\u00bb][vc_column][constructed_heading title=\u00bbPol\u00edgono Plaza\u00bb image=\u00bb9&#8243;][\/vc_column][\/vc_row][vc_row desctop_pt=\u00bbpadding-md-55t\u00bb desctop_pb=\u00bbpadding-md-20b\u00bb tablets_pt=\u00bbpadding-sm-25t\u00bb tablets_pb=\u00bbpadding-sm-10b\u00bb mobile_pt=\u00bbpadding-xs-25t\u00bb mobile_pb=\u00bbpadding-xs-10b\u00bb][vc_column][vc_row_inner css=\u00bb.vc_custom_1500550163909{margin-bottom: 25px !important;}\u00bb][vc_column_inner width=\u00bb1\/3&#8243; css=\u00bb.vc_custom_1500550007284{margin-bottom: 20px !important;}\u00bb][constructed_gallery images=\u00bb558&#8243;][\/vc_column_inner][vc_column_inner width=\u00bb2\/3&#8243;][constructed_text_block title_tag=\u00bbh3&#8243; title=\u00bbUbicaci\u00f3n y Accesos\u00bb]La plataforma log\u00edstica <strong>PLAZA<\/strong> se encuentra ubicada en un punto estrat\u00e9gico de la ciudad de Zaragoza, junto a un importante nudo de comunicaciones por carretera, el aeropuerto y pr\u00f3xima a la segunda estaci\u00f3n del AVE prevista.<\/p>\n<p>Dentro de la plataforma log\u00edstica, se encuentra el parque empresarial que acoge a empresas con un marcado car\u00e1cter tecnol\u00f3gico, situado junto a la zona verde con mas superficie de Zaragoza, el <strong>parque lineal<\/strong>.<\/p>\n<p><strong>PLAZA<\/strong> cuenta con transporte p\u00fablico mediante autobuses, con paradas en la zona donde se ubica el edificio Edainver.[\/constructed_text_block][\/vc_column_inner][\/vc_row_inner][vc_row_inner css=\u00bb.vc_custom_1500024186190{margin-bottom: 45px !important;}\u00bb][vc_column_inner width=\u00bb2\/3&#8243;][constructed_text_block title_tag=\u00bbh3&#8243; title=\u00bbLuz y Espacio\u00bb]El dise\u00f1o de los edificios Edainver, con ventanas corridas por los cuatro costados, permite una amplia luminosidad y unas magn\u00edficas vistas. Cuenta adem\u00e1s con una terraza de mas de 3000 m2 con zonas de c\u00e9sped artificial, que permiten disfrutar de un espacio abierto sin salir del edificio.<\/p>\n<p>El conjunto formado por los tres edificios supone un global de casi 9.000m2 , adaptables a la necesidad de cualquier cliente, siempre con un m\u00ednimo de 200 m2. Los espacios son perfectamente modulables, tanto por su regularidad geom\u00e9trica, como por las posibilidades que tanto los falsos techos desmontables como el suelo t\u00e9cnico ofrecen.[\/constructed_text_block][\/vc_column_inner][vc_column_inner width=\u00bb1\/3&#8243;][constructed_gallery images=\u00bb559&#8243;][\/vc_column_inner][\/vc_row_inner][constructed_title title_tag=\u00bbh3&#8243; title=\u00bbCaracter\u00edsticas T\u00e9cnicas\u00bb css=\u00bb.vc_custom_1500021838513{margin-bottom: 13px !important;}\u00bb][vc_row_inner css=\u00bb.vc_custom_1500021798578{margin-bottom: 15px !important;}\u00bb][vc_column_inner width=\u00bb1\/3&#8243; css=\u00bb.vc_custom_1500550054377{margin-bottom: 20px !important;}\u00bb][constructed_gallery images=\u00bb560&#8243;][\/vc_column_inner][vc_column_inner width=\u00bb2\/3&#8243;][constructed_text_block title_tag=\u00bbh3&#8243;]Las caracter\u00edsticas t\u00e9cnicas hacen que nos encontremos ante unos edificios inteligentes. El falso techo desmontable permite disponer en la forma deseada tanto la iluminaci\u00f3n como la climatizaci\u00f3n. Esta \u00faltima se regula individualmente y de forma informatizada, pudiendo cada cliente, a trav\u00e9s de un ordenador, modificar las variables que la controlan.<\/p>\n<p>El suelo t\u00e9cnico permite el tendido de cables el\u00e9ctricos y de redes de voz y datos a cualquier punto del local, as\u00ed como la posterior modificaci\u00f3n de la ubicaci\u00f3n de los puestos de trabajo.<\/p>\n<p>Adem\u00e1s los edificios cuentan con un sistema de detecci\u00f3n de incendios controlado inform\u00e1ticamente.<\/p>\n<p>Todas las ventanas disponen de cristales tipo climalit con aislamiento t\u00e9rmico y ac\u00fastico que, conjuntamente con el aislante proyectado en las fachadas, consiguen una zona de trabajo silenciosa y c\u00f3moda.[\/constructed_text_block][\/vc_column_inner][\/vc_row_inner][vc_row_inner css=\u00bb.vc_custom_1500021013045{margin-bottom: 35px !important;}\u00bb][vc_column_inner width=\u00bb2\/3&#8243;][constructed_text_block title_tag=\u00bbh3&#8243;]El conjunto de edificios dispone de parking subterr\u00e1neo con puertas autom\u00e1ticas cuya apertura se realiza mediante teletac y tambi\u00e9n de plazas exteriores.<\/p>\n<p>La parcela donde se ubican los edificios se encuentra vallada, dispone de puertas automatizadas para veh\u00edculos y de puertas peatonales con apertura mediante portero autom\u00e1tico y tarjeta electr\u00f3nica. As\u00ed mismo la puerta de acceso a cada uno de los edificios tanto desde el exterior como desde el parking subterr\u00e1neo dispone de apertura electr\u00f3nica mediante tarjeta.<\/p>\n<p>Todo el per\u00edmetro est\u00e1 vigilado mediante videoc\u00e1maras que graban las 24 horas del d\u00eda, as\u00ed como el Hall de acceso a cada edificio.[\/constructed_text_block][\/vc_column_inner][vc_column_inner width=\u00bb1\/3&#8243;][constructed_gallery images=\u00bb561&#8243;][\/vc_column_inner][\/vc_row_inner][vc_row_inner css=\u00bb.vc_custom_1500021798578{margin-bottom: 15px !important;}\u00bb][vc_column_inner width=\u00bb1\/3&#8243; css=\u00bb.vc_custom_1500550054377{margin-bottom: 20px !important;}\u00bb][constructed_gallery images=\u00bb852&#8243;][\/vc_column_inner][vc_column_inner width=\u00bb2\/3&#8243;][constructed_text_block title_tag=\u00bbh3&#8243; title=\u00bbNave\u00bb]En esta misma parcela, anexo a los 3 edificios de oficinas,\u00a0 tenemos 4000 m2 de nave dividida en partes independientes y comunicadas con los edificios de oficinas.[\/constructed_text_block][\/vc_column_inner][\/vc_row_inner][\/vc_column][\/vc_row][vc_row desctop_pb=\u00bbpadding-md-20b\u00bb tablets_pb=\u00bbpadding-sm-15b\u00bb mobile_pb=\u00bbpadding-xs-0b\u00bb][vc_column width=\u00bb1\/6&#8243;][constructed_gallery images=\u00bb504&#8243;][\/vc_column][vc_column width=\u00bb1\/6&#8243;][constructed_gallery images=\u00bb404&#8243;][\/vc_column][vc_column width=\u00bb1\/6&#8243;][constructed_gallery images=\u00bb564&#8243;][\/vc_column][vc_column width=\u00bb1\/6&#8243;][constructed_gallery images=\u00bb565&#8243;][\/vc_column][vc_column width=\u00bb1\/6&#8243;][constructed_gallery images=\u00bb566&#8243;][\/vc_column][vc_column width=\u00bb1\/6&#8243;][constructed_gallery images=\u00bb567&#8243;][\/vc_column][\/vc_row][vc_row desctop_pb=\u00bbpadding-md-50b\u00bb tablets_pb=\u00bbpadding-sm-15b\u00bb mobile_pb=\u00bbpadding-xs-15b\u00bb][vc_column width=\u00bb1\/6&#8243;][constructed_gallery images=\u00bb568&#8243;][\/vc_column][vc_column width=\u00bb1\/6&#8243;][constructed_gallery images=\u00bb569&#8243;][\/vc_column][vc_column width=\u00bb1\/6&#8243;][constructed_gallery images=\u00bb570&#8243;][\/vc_column][vc_column width=\u00bb1\/6&#8243;][constructed_gallery images=\u00bb850&#8243;][\/vc_column][vc_column width=\u00bb1\/6&#8243;][constructed_gallery images=\u00bb851&#8243;][\/vc_column][vc_column width=\u00bb1\/6&#8243;][constructed_gallery images=\u00bb853&#8243;][\/vc_column][\/vc_row][vc_row desctop_pt=\u00bbpadding-md-20t\u00bb desctop_pb=\u00bbpadding-md-25b\u00bb tablets_pt=\u00bbpadding-sm-20t\u00bb tablets_pb=\u00bbpadding-sm-10b\u00bb mobile_pt=\u00bbpadding-xs-20t\u00bb mobile_pb=\u00bbpadding-xs-10b\u00bb][vc_column][constructed_title title=\u00bbClientes\u00bb css=\u00bb.vc_custom_1500024103420{margin-bottom: 36px !important;}\u00bb][constructed_text_block title_tag=\u00bbh3&#8243; css=\u00bb.vc_custom_1500027338328{margin-bottom: 30px !important;}\u00bb]Estos son algunos de los clientes que han elegido nuestro espacio:[\/constructed_text_block][\/vc_column][\/vc_row][vc_row desctop_pb=\u00bbpadding-md-45b\u00bb tablets_pb=\u00bbpadding-sm-15b\u00bb mobile_pb=\u00bbpadding-xs-15b\u00bb][vc_column width=\u00bb1\/4&#8243;][vc_row_inner][vc_column_inner width=\u00bb1\/2&#8243;][vc_single_image image=\u00bb580&#8243; img_size=\u00bb\u00bb alignment=\u00bbcenter\u00bb][\/vc_column_inner][vc_column_inner width=\u00bb1\/2&#8243;][vc_single_image image=\u00bb808&#8243; img_size=\u00bbfull\u00bb alignment=\u00bbcenter\u00bb][\/vc_column_inner][\/vc_row_inner][\/vc_column][vc_column width=\u00bb1\/4&#8243;][vc_row_inner][vc_column_inner width=\u00bb1\/2&#8243;][vc_single_image image=\u00bb583&#8243; img_size=\u00bb\u00bb alignment=\u00bbcenter\u00bb][\/vc_column_inner][vc_column_inner width=\u00bb1\/2&#8243;][vc_single_image image=\u00bb814&#8243; img_size=\u00bbfull\u00bb alignment=\u00bbcenter\u00bb][\/vc_column_inner][\/vc_row_inner][\/vc_column][vc_column width=\u00bb1\/4&#8243;][vc_row_inner][vc_column_inner width=\u00bb1\/2&#8243;][vc_single_image image=\u00bb815&#8243; img_size=\u00bbfull\u00bb alignment=\u00bbcenter\u00bb][\/vc_column_inner][vc_column_inner width=\u00bb1\/2&#8243;][vc_single_image image=\u00bb816&#8243; img_size=\u00bbfull\u00bb alignment=\u00bbcenter\u00bb][\/vc_column_inner][\/vc_row_inner][\/vc_column][vc_column width=\u00bb1\/4&#8243;][vc_row_inner][vc_column_inner width=\u00bb1\/2&#8243;][vc_single_image image=\u00bb817&#8243; img_size=\u00bbfull\u00bb alignment=\u00bbcenter\u00bb][\/vc_column_inner][vc_column_inner width=\u00bb1\/2&#8243;][\/vc_column_inner][\/vc_row_inner][\/vc_column][\/vc_row]<\/p>\n","protected":false},"excerpt":{"rendered":"<p>[vc_row full_width=\u00bbstretch_row_content_no_spaces\u00bb][vc_column][constructed_heading title=\u00bbPol\u00edgono Plaza\u00bb image=\u00bb9&#8243;][\/vc_column][\/vc_row][vc_row desctop_pt=\u00bbpadding-md-55t\u00bb desctop_pb=\u00bbpadding-md-20b\u00bb tablets_pt=\u00bbpadding-sm-25t\u00bb tablets_pb=\u00bbpadding-sm-10b\u00bb mobile_pt=\u00bbpadding-xs-25t\u00bb mobile_pb=\u00bbpadding-xs-10b\u00bb][vc_column][vc_row_inner css=\u00bb.vc_custom_1500550163909{margin-bottom: 25px !important;}\u00bb][vc_column_inner width=\u00bb1\/3&#8243; css=\u00bb.vc_custom_1500550007284{margin-bottom: 20px !important;}\u00bb][constructed_gallery images=\u00bb558&#8243;][\/vc_column_inner][vc_column_inner width=\u00bb2\/3&#8243;][constructed_text_block title_tag=\u00bbh3&#8243; title=\u00bbUbicaci\u00f3n y Accesos\u00bb]La plataforma log\u00edstica PLAZA se encuentra ubicada en un punto estrat\u00e9gico de la ciudad de Zaragoza, junto a un importante nudo de comunicaciones por carretera, el aeropuerto y pr\u00f3xima a la segunda [&hellip;]<\/p>\n","protected":false},"author":1,"featured_media":0,"parent":480,"menu_order":0,"comment_status":"closed","ping_status":"closed","template":"","meta":{"footnotes":""},"_links":{"self":[{"href":"http:\/\/www.edainver.com\/index.php\/wp-json\/wp\/v2\/pages\/513"}],"collection":[{"href":"http:\/\/www.edainver.com\/index.php\/wp-json\/wp\/v2\/pages"}],"about":[{"href":"http:\/\/www.edainver.com\/index.php\/wp-json\/wp\/v2\/types\/page"}],"author":[{"embeddable":true,"href":"http:\/\/www.edainver.com\/index.php\/wp-json\/wp\/v2\/users\/1"}],"replies":[{"embeddable":true,"href":"http:\/\/www.edainver.com\/index.php\/wp-json\/wp\/v2\/comments?post=513"}],"version-history":[{"count":13,"href":"http:\/\/www.edainver.com\/index.php\/wp-json\/wp\/v2\/pages\/513\/revisions"}],"predecessor-version":[{"id":857,"href":"http:\/\/www.edainver.com\/index.php\/wp-json\/wp\/v2\/pages\/513\/revisions\/857"}],"up":[{"embeddable":true,"href":"http:\/\/www.edainver.com\/index.php\/wp-json\/wp\/v2\/pages\/480"}],"wp:attachment":[{"href":"http:\/\/www.edainver.com\/index.php\/wp-json\/wp\/v2\/media?parent=513"}],"curies":[{"name":"wp","href":"https:\/\/api.w.org\/{rel}","templated":true}]}}