{"id":522,"date":"2017-07-13T10:48:27","date_gmt":"2017-07-13T10:48:27","guid":{"rendered":"http:\/\/www.edainver.com\/?page_id=522"},"modified":"2017-11-17T22:03:41","modified_gmt":"2017-11-17T22:03:41","slug":"la-cisterniga","status":"publish","type":"page","link":"http:\/\/www.edainver.com\/index.php\/alquilar\/valladolid\/la-cisterniga\/","title":{"rendered":"La Cisterniga"},"content":{"rendered":"<p>[vc_row full_width=\u00bbstretch_row_content_no_spaces\u00bb][vc_column][constructed_heading title=\u00bbLa Cisterniga\u00bb image=\u00bb9&#8243;][\/vc_column][\/vc_row][vc_row desctop_pt=\u00bbpadding-md-55t\u00bb desctop_pb=\u00bbpadding-md-20b\u00bb tablets_pt=\u00bbpadding-sm-25t\u00bb tablets_pb=\u00bbpadding-sm-10b\u00bb mobile_pt=\u00bbpadding-xs-25t\u00bb mobile_pb=\u00bbpadding-xs-10b\u00bb][vc_column][constructed_title title=\u00bbPol\u00edgono La Mora\u00bb css=\u00bb.vc_custom_1500027552866{margin-bottom: 36px !important;}\u00bb][vc_row_inner css=\u00bb.vc_custom_1500020765690{margin-bottom: 35px !important;}\u00bb][vc_column_inner width=\u00bb1\/2&#8243; css=\u00bb.vc_custom_1500549845520{margin-bottom: 20px !important;}\u00bb][constructed_gallery images=\u00bb588&#8243;][\/vc_column_inner][vc_column_inner width=\u00bb1\/2&#8243;][constructed_text_block title_tag=\u00bbh3&#8243; title=\u00bbSituaci\u00f3n\u00bb css=\u00bb.vc_custom_1500027979928{margin-bottom: 20px !important;}\u00bb]Ambos edificios se encuentran ubicados en La Cist\u00e9rniga que es una poblaci\u00f3n muy pr\u00f3xima a la ciudad de Valladolid y que cuenta con un importante pol\u00edgono industrial que es donde se encuentran nuestros edificios.\u00a0 As\u00ed mismo se encuentra a muy poca distancia del pol\u00edgono San Crist\u00f3bal que es el principal de la ciudad de Valladolid.[\/constructed_text_block][constructed_text_block title_tag=\u00bbh3&#8243; title=\u00bbOficinas\u00bb css=\u00bb.vc_custom_1500027990571{margin-bottom: 20px !important;}\u00bb]Dispone de 2 plantas, la baja de 280 m2 y la primera de 175 m2 con ba\u00f1os en ambas. Actualmente se halla compartimentada en varios despachos y dependencias, pero son perfectamente modificables.[\/constructed_text_block][constructed_text_block title_tag=\u00bbh3&#8243; title=\u00bbNave\u00bb]Nave industrial di\u00e1fana de 280 m2 anexa a las oficinas, con acceso independiente.[\/constructed_text_block][\/vc_column_inner][\/vc_row_inner][\/vc_column][\/vc_row][vc_row desctop_pb=\u00bbpadding-md-50b\u00bb tablets_pb=\u00bbpadding-sm-15b\u00bb mobile_pb=\u00bbpadding-xs-15b\u00bb][vc_column][vc_row_inner][vc_column_inner width=\u00bb1\/6&#8243;][constructed_gallery images=\u00bb589&#8243;][\/vc_column_inner][vc_column_inner width=\u00bb1\/6&#8243;][constructed_gallery images=\u00bb432&#8243;][\/vc_column_inner][vc_column_inner width=\u00bb1\/6&#8243;][constructed_gallery images=\u00bb590&#8243;][\/vc_column_inner][vc_column_inner width=\u00bb1\/6&#8243;][constructed_gallery images=\u00bb592&#8243;][\/vc_column_inner][vc_column_inner width=\u00bb1\/6&#8243;][constructed_gallery images=\u00bb593&#8243;][\/vc_column_inner][vc_column_inner width=\u00bb1\/6&#8243;][constructed_gallery images=\u00bb591&#8243;][\/vc_column_inner][\/vc_row_inner][\/vc_column][\/vc_row][vc_row desctop_pt=\u00bbpadding-md-20t\u00bb desctop_pb=\u00bbpadding-md-25b\u00bb tablets_pt=\u00bbpadding-sm-20t\u00bb tablets_pb=\u00bbpadding-sm-10b\u00bb mobile_pt=\u00bbpadding-xs-20t\u00bb mobile_pb=\u00bbpadding-xs-10b\u00bb][vc_column][constructed_title title=\u00bbClientes\u00bb css=\u00bb.vc_custom_1500024103420{margin-bottom: 36px !important;}\u00bb][constructed_text_block title_tag=\u00bbh3&#8243; css=\u00bb.vc_custom_1500027338328{margin-bottom: 30px !important;}\u00bb]Estos son algunos de los clientes que han elegido nuestro espacio:[\/constructed_text_block][\/vc_column][\/vc_row][vc_row desctop_pb=\u00bbpadding-md-45b\u00bb tablets_pb=\u00bbpadding-sm-15b\u00bb mobile_pb=\u00bbpadding-xs-15b\u00bb][vc_column width=\u00bb1\/4&#8243;][vc_row_inner][vc_column_inner width=\u00bb1\/2&#8243;][vc_single_image image=\u00bb580&#8243; img_size=\u00bb\u00bb alignment=\u00bbcenter\u00bb][\/vc_column_inner][vc_column_inner width=\u00bb1\/2&#8243;][vc_single_image image=\u00bb808&#8243; img_size=\u00bbfull\u00bb alignment=\u00bbcenter\u00bb][\/vc_column_inner][\/vc_row_inner][\/vc_column][vc_column width=\u00bb1\/4&#8243;][vc_row_inner][vc_column_inner width=\u00bb1\/2&#8243;][vc_single_image image=\u00bb583&#8243; img_size=\u00bb\u00bb alignment=\u00bbcenter\u00bb][\/vc_column_inner][vc_column_inner width=\u00bb1\/2&#8243;][vc_single_image image=\u00bb814&#8243; img_size=\u00bbfull\u00bb alignment=\u00bbcenter\u00bb][\/vc_column_inner][\/vc_row_inner][\/vc_column][vc_column width=\u00bb1\/4&#8243;][vc_row_inner][vc_column_inner width=\u00bb1\/2&#8243;][vc_single_image image=\u00bb815&#8243; img_size=\u00bbfull\u00bb alignment=\u00bbcenter\u00bb][\/vc_column_inner][vc_column_inner width=\u00bb1\/2&#8243;][vc_single_image image=\u00bb816&#8243; img_size=\u00bbfull\u00bb alignment=\u00bbcenter\u00bb][\/vc_column_inner][\/vc_row_inner][\/vc_column][vc_column width=\u00bb1\/4&#8243;][vc_row_inner][vc_column_inner width=\u00bb1\/2&#8243;][vc_single_image image=\u00bb817&#8243; img_size=\u00bbfull\u00bb alignment=\u00bbcenter\u00bb][\/vc_column_inner][vc_column_inner width=\u00bb1\/2&#8243;][\/vc_column_inner][\/vc_row_inner][\/vc_column][\/vc_row]<\/p>\n","protected":false},"excerpt":{"rendered":"<p>[vc_row full_width=\u00bbstretch_row_content_no_spaces\u00bb][vc_column][constructed_heading title=\u00bbLa Cisterniga\u00bb image=\u00bb9&#8243;][\/vc_column][\/vc_row][vc_row desctop_pt=\u00bbpadding-md-55t\u00bb desctop_pb=\u00bbpadding-md-20b\u00bb tablets_pt=\u00bbpadding-sm-25t\u00bb tablets_pb=\u00bbpadding-sm-10b\u00bb mobile_pt=\u00bbpadding-xs-25t\u00bb mobile_pb=\u00bbpadding-xs-10b\u00bb][vc_column][constructed_title title=\u00bbPol\u00edgono La Mora\u00bb css=\u00bb.vc_custom_1500027552866{margin-bottom: 36px !important;}\u00bb][vc_row_inner css=\u00bb.vc_custom_1500020765690{margin-bottom: 35px !important;}\u00bb][vc_column_inner width=\u00bb1\/2&#8243; css=\u00bb.vc_custom_1500549845520{margin-bottom: 20px !important;}\u00bb][constructed_gallery images=\u00bb588&#8243;][\/vc_column_inner][vc_column_inner width=\u00bb1\/2&#8243;][constructed_text_block title_tag=\u00bbh3&#8243; title=\u00bbSituaci\u00f3n\u00bb css=\u00bb.vc_custom_1500027979928{margin-bottom: 20px !important;}\u00bb]Ambos edificios se encuentran ubicados en La Cist\u00e9rniga que es una poblaci\u00f3n muy pr\u00f3xima a la ciudad de Valladolid y que cuenta con un importante [&hellip;]<\/p>\n","protected":false},"author":1,"featured_media":0,"parent":483,"menu_order":0,"comment_status":"closed","ping_status":"closed","template":"","meta":{"footnotes":""},"_links":{"self":[{"href":"http:\/\/www.edainver.com\/index.php\/wp-json\/wp\/v2\/pages\/522"}],"collection":[{"href":"http:\/\/www.edainver.com\/index.php\/wp-json\/wp\/v2\/pages"}],"about":[{"href":"http:\/\/www.edainver.com\/index.php\/wp-json\/wp\/v2\/types\/page"}],"author":[{"embeddable":true,"href":"http:\/\/www.edainver.com\/index.php\/wp-json\/wp\/v2\/users\/1"}],"replies":[{"embeddable":true,"href":"http:\/\/www.edainver.com\/index.php\/wp-json\/wp\/v2\/comments?post=522"}],"version-history":[{"count":9,"href":"http:\/\/www.edainver.com\/index.php\/wp-json\/wp\/v2\/pages\/522\/revisions"}],"predecessor-version":[{"id":826,"href":"http:\/\/www.edainver.com\/index.php\/wp-json\/wp\/v2\/pages\/522\/revisions\/826"}],"up":[{"embeddable":true,"href":"http:\/\/www.edainver.com\/index.php\/wp-json\/wp\/v2\/pages\/483"}],"wp:attachment":[{"href":"http:\/\/www.edainver.com\/index.php\/wp-json\/wp\/v2\/media?parent=522"}],"curies":[{"name":"wp","href":"https:\/\/api.w.org\/{rel}","templated":true}]}}